{"id":870,"date":"2025-04-23T17:52:44","date_gmt":"2025-04-23T17:52:44","guid":{"rendered":"https:\/\/royaluglydude.ch\/actualites\/"},"modified":"2026-02-22T16:10:40","modified_gmt":"2026-02-22T16:10:40","slug":"actualites","status":"publish","type":"page","link":"https:\/\/royaluglydude.ch\/fr\/actualites\/","title":{"rendered":"Actualit\u00e9s"},"content":{"rendered":"\n\n<h2>Actualit\u00e9s<\/h2>\n\n\n\n<blockquote><strong>Vendredi 20 f\u00e9vrier 2026<\/strong><br data-start=\"417\" data-end=\"420\"><span data-start=\"420\" data-end=\"440\">H<\/span><span data-start=\"420\" data-end=\"440\">e jour, nous avons eu le grand honneur de nous produire au Z7 de Pratteln.<\/span><span data-start=\"420\" data-end=\"440\">  de se produire sur sc\u00e8ne. Pour nous, c&rsquo;\u00e9tait une chance \u00e9norme que nous n&rsquo;avons pas tous les jours. Je veux dire que notre groupe a particip\u00e9 aujourd&rsquo;hui \u00e0 environ son 7e concert et a d\u00e9j\u00e0 pu se rendre au Z7.  <\/span><\/blockquote>\n<p>Vous trouverez les photos dans la galerie sous M\u00e9dias. Vous trouverez le compte-rendu tr\u00e8s int\u00e9ressant du concert de DIe Buehrers ici : <\/p>\n\n\n\n\n\n\n\n<blockquote><strong data-start=\"409\" data-end=\"417\">B\u00c4M !<\/strong><br data-start=\"417\" data-end=\"420\"><strong data-start=\"420\" data-end=\"440\">metal-factory.ch<\/strong> a pass\u00e9 notre album au crible et lui a attribu\u00e9 la <strong data-start=\"500\" data-end=\"517\">note de 8,9\/10<\/strong>!<br data-start=\"518\" data-end=\"521\">\u00c7a se voit. Et \u00e0 \u00e9couter. \ud83d\udd25<\/blockquote>\n\n\n\n\n\n\n\n\n\n\n\n<blockquote>Une autre critique est arriv\u00e9e &#8211; <strong data-start=\"335\" data-end=\"352\">powermetal.de<\/strong> s&rsquo;est empar\u00e9 de notre album et l&rsquo;a examin\u00e9 \u00e0 la loupe :\ud83e\udd18<\/blockquote>\n\n\n\n\n\n","protected":false},"excerpt":{"rendered":"","protected":false},"author":1,"featured_media":0,"parent":0,"menu_order":0,"comment_status":"closed","ping_status":"closed","template":"","meta":{"pagelayer_contact_templates":[],"_pagelayer_content":"","ngg_post_thumbnail":0,"footnotes":""},"class_list":["post-870","page","type-page","status-publish","hentry"],"aioseo_notices":[],"jetpack_sharing_enabled":true,"_links":{"self":[{"href":"https:\/\/royaluglydude.ch\/fr\/wp-json\/wp\/v2\/pages\/870","targetHints":{"allow":["GET"]}}],"collection":[{"href":"https:\/\/royaluglydude.ch\/fr\/wp-json\/wp\/v2\/pages"}],"about":[{"href":"https:\/\/royaluglydude.ch\/fr\/wp-json\/wp\/v2\/types\/page"}],"author":[{"embeddable":true,"href":"https:\/\/royaluglydude.ch\/fr\/wp-json\/wp\/v2\/users\/1"}],"replies":[{"embeddable":true,"href":"https:\/\/royaluglydude.ch\/fr\/wp-json\/wp\/v2\/comments?post=870"}],"version-history":[{"count":8,"href":"https:\/\/royaluglydude.ch\/fr\/wp-json\/wp\/v2\/pages\/870\/revisions"}],"predecessor-version":[{"id":1453,"href":"https:\/\/royaluglydude.ch\/fr\/wp-json\/wp\/v2\/pages\/870\/revisions\/1453"}],"wp:attachment":[{"href":"https:\/\/royaluglydude.ch\/fr\/wp-json\/wp\/v2\/media?parent=870"}],"curies":[{"name":"wp","href":"https:\/\/api.w.org\/{rel}","templated":true}]}}