{"id":613,"date":"2025-01-21T10:55:36","date_gmt":"2025-01-21T10:55:36","guid":{"rendered":"https:\/\/royaluglydude.ch\/concerts-passes\/"},"modified":"2025-06-02T16:58:58","modified_gmt":"2025-06-02T16:58:58","slug":"concerts-passes","status":"publish","type":"page","link":"https:\/\/royaluglydude.ch\/fr\/concerts-passes\/","title":{"rendered":"Concerts pass\u00e9s"},"content":{"rendered":"\n\n<h4>Localit\u00e9s couvertes<\/h4>\n\n\n\n<p>Vous trouverez ici les lieux o\u00f9 nous avons \u00e9t\u00e9 absents.<\/p>\n\n\n\n\n\n\n\n\n\n17.05.2025\n@kultfabrik\nWetzikon (CH)\n\n\n08.03.2025\n@Hurry-Kane\nDiessenhofen\n\n\n21.12.2024\n@Hellwolf\nB\u00e2le\n\n\n22.06.2023\n@Leuef\u00e4scht Bremgarten\nBremgarten\n\n\n\n","protected":false},"excerpt":{"rendered":"","protected":false},"author":1,"featured_media":0,"parent":0,"menu_order":0,"comment_status":"closed","ping_status":"closed","template":"","meta":{"pagelayer_contact_templates":[],"_pagelayer_content":"","ngg_post_thumbnail":0,"footnotes":""},"class_list":["post-613","page","type-page","status-publish","hentry"],"aioseo_notices":[],"jetpack_sharing_enabled":true,"_links":{"self":[{"href":"https:\/\/royaluglydude.ch\/fr\/wp-json\/wp\/v2\/pages\/613","targetHints":{"allow":["GET"]}}],"collection":[{"href":"https:\/\/royaluglydude.ch\/fr\/wp-json\/wp\/v2\/pages"}],"about":[{"href":"https:\/\/royaluglydude.ch\/fr\/wp-json\/wp\/v2\/types\/page"}],"author":[{"embeddable":true,"href":"https:\/\/royaluglydude.ch\/fr\/wp-json\/wp\/v2\/users\/1"}],"replies":[{"embeddable":true,"href":"https:\/\/royaluglydude.ch\/fr\/wp-json\/wp\/v2\/comments?post=613"}],"version-history":[{"count":5,"href":"https:\/\/royaluglydude.ch\/fr\/wp-json\/wp\/v2\/pages\/613\/revisions"}],"predecessor-version":[{"id":970,"href":"https:\/\/royaluglydude.ch\/fr\/wp-json\/wp\/v2\/pages\/613\/revisions\/970"}],"wp:attachment":[{"href":"https:\/\/royaluglydude.ch\/fr\/wp-json\/wp\/v2\/media?parent=613"}],"curies":[{"name":"wp","href":"https:\/\/api.w.org\/{rel}","templated":true}]}}