{"id":339,"date":"2024-06-04T09:36:22","date_gmt":"2024-06-04T09:36:22","guid":{"rendered":"https:\/\/royaluglydude.ch\/leuefaescht-bremgarten-2023\/"},"modified":"2025-08-28T13:22:12","modified_gmt":"2025-08-28T13:22:12","slug":"leuefaescht-bremgarten-2023","status":"publish","type":"page","link":"https:\/\/royaluglydude.ch\/fr\/galerie\/leuefaescht-bremgarten-2023\/","title":{"rendered":"Leuef\u00e4scht Bremgarten Argovie 2023"},"content":{"rendered":"\n\n<h1>Leuef\u00e4scht Bremgarten 2023<br><\/h1>\n\n\n<p>Notre tout premier concert en direct dans la belle ville de Bremgarten (AG). C&rsquo;\u00e9tait un grand \u00e9v\u00e9nement pour nous, avec beaucoup de spectateurs.<br><\/p>\n\n\n\n\n\n{\u00ab\u00a0title\u00a0\u00bb:\u00a0\u00bbGallery\u00a0\u00bb,\u00a0\u00bbitems\u00a0\u00bb:\u00a0\u00bb22&Prime;,\u00a0\u00bbshow\u00a0\u00bb:\u00a0\u00bbthumbnail\u00a0\u00bb,\u00a0\u00bbtype\u00a0\u00bb:\u00a0\u00bbrecent\u00a0\u00bb,\u00a0\u00bbwebslice\u00a0\u00bb:\u00a0\u00bb1&Prime;,\u00a0\u00bbwidth\u00a0\u00bb:\u00a0\u00bb100&Prime;,\u00a0\u00bbheight\u00a0\u00bb:\u00a0\u00bb75&Prime;,\u00a0\u00bbexclude\u00a0\u00bb:\u00a0\u00bballow\u00a0\u00bb,\u00a0\u00bblist\u00a0\u00bb:\u00a0\u00bb1&Prime;}\n\n","protected":false},"excerpt":{"rendered":"","protected":false},"author":1,"featured_media":0,"parent":352,"menu_order":1,"comment_status":"closed","ping_status":"closed","template":"","meta":{"pagelayer_contact_templates":[],"_pagelayer_content":"","ngg_post_thumbnail":0,"footnotes":""},"class_list":["post-339","page","type-page","status-publish","hentry"],"aioseo_notices":[],"jetpack_sharing_enabled":true,"_links":{"self":[{"href":"https:\/\/royaluglydude.ch\/fr\/wp-json\/wp\/v2\/pages\/339","targetHints":{"allow":["GET"]}}],"collection":[{"href":"https:\/\/royaluglydude.ch\/fr\/wp-json\/wp\/v2\/pages"}],"about":[{"href":"https:\/\/royaluglydude.ch\/fr\/wp-json\/wp\/v2\/types\/page"}],"author":[{"embeddable":true,"href":"https:\/\/royaluglydude.ch\/fr\/wp-json\/wp\/v2\/users\/1"}],"replies":[{"embeddable":true,"href":"https:\/\/royaluglydude.ch\/fr\/wp-json\/wp\/v2\/comments?post=339"}],"version-history":[{"count":5,"href":"https:\/\/royaluglydude.ch\/fr\/wp-json\/wp\/v2\/pages\/339\/revisions"}],"predecessor-version":[{"id":1206,"href":"https:\/\/royaluglydude.ch\/fr\/wp-json\/wp\/v2\/pages\/339\/revisions\/1206"}],"up":[{"embeddable":true,"href":"https:\/\/royaluglydude.ch\/fr\/wp-json\/wp\/v2\/pages\/352"}],"wp:attachment":[{"href":"https:\/\/royaluglydude.ch\/fr\/wp-json\/wp\/v2\/media?parent=339"}],"curies":[{"name":"wp","href":"https:\/\/api.w.org\/{rel}","templated":true}]}}