{"id":323,"date":"2024-06-03T13:06:52","date_gmt":"2024-06-03T13:06:52","guid":{"rendered":"https:\/\/royaluglydude.ch\/a-propos-de-nous\/"},"modified":"2025-06-02T16:58:50","modified_gmt":"2025-06-02T16:58:50","slug":"a-propos-de-nous","status":"publish","type":"page","link":"https:\/\/royaluglydude.ch\/fr\/a-propos-de-nous\/","title":{"rendered":"\u00c0 propos de nous"},"content":{"rendered":"\n\n\n<h2 namednodemap=\"\">Qui sommes-nous ?<br><\/h2>\n\n\n\n\n<p style=\"box-sizing: border-box; margin-top: 0px; margin-bottom: 1rem; color: rgb(255, 255, 255); font-family: system-ui, -apple-system, \"Segoe UI\", Roboto, \"Helvetica Neue\", \"Noto Sans\", \"Liberation Sans\", Arial, sans-serif, \"Apple Color Emoji\", \"Segoe UI Emoji\", \"Segoe UI Symbol\", \"Noto Color Emoji\"; font-size: 16px; font-style: normal; font-variant-ligatures: normal; font-variant-caps: normal; font-weight: 400; letter-spacing: normal; orphans: 2; text-align: start; text-indent: 0px; text-transform: none; widows: 2; word-spacing: 0px; -webkit-text-stroke-width: 0px; white-space: normal; background-color: rgb(0, 0, 0); text-decoration-thickness: initial; text-decoration-style: initial; text-decoration-color: initial;\"><span style=\"box-sizing: border-box; text-decoration: underline;\"><strong style=\"box-sizing: border-box; font-weight: bolder;\"><\/strong><\/span><\/p><p data-start=\"148\" data-end=\"508\" class=\"\"><strong data-start=\"148\" data-end=\"167\">ROYAL UGLY DUDE<\/strong> &#8211; fond\u00e9 \u00e0 l&rsquo;\u00e9t\u00e9 2021 par <strong data-start=\"239\" data-end=\"255\">Pascal T\u00f6ngi<\/strong>, guitariste et auteur-compositeur chevronn\u00e9 &#8211; est tout sauf lisse.  <\/p>\n<p data-start=\"148\" data-end=\"508\" class=\"\">Peu apr\u00e8s la cr\u00e9ation du groupe, le batteur <strong data-start=\"331\" data-end=\"349\">Pascal St\u00f6ssel<\/strong> les a rejoints. Ils ont emm\u00e9nag\u00e9 dans le local du groupe \u00e0 Bremgarten (AG), l&rsquo;ont am\u00e9nag\u00e9 et l&rsquo;ont transform\u00e9 en une p\u00e9pini\u00e8re bruyante et honn\u00eate de riffs sales et de grooves tonitruants.<\/p>\n<p data-start=\"510\" data-end=\"701\" class=\"\">Apr\u00e8s une recherche intensive, le bassiste <strong data-start=\"567\" data-end=\"584\">Sascha M\u00fcller<\/strong> a rejoint la troupe \u00e0 l&rsquo;\u00e9t\u00e9 2022. Avec lui, le power trio \u00e9tait au complet, pr\u00eat \u00e0 faire souffler un vent de fra\u00eecheur et \u00e0 donner un coup de fouet \u00e0 la sc\u00e8ne. <\/p>\n<p data-start=\"703\" data-end=\"1001\" class=\"\">C&rsquo;est \u00e0 cette \u00e9poque que Pascal T\u00f6ngi a \u00e9crit sa premi\u00e8re douzaine de chansons &#8211; brutes, entra\u00eenantes et pleines d&rsquo;\u00e9nergie. Des d\u00e9mos ont \u00e9t\u00e9 enregistr\u00e9es et l&rsquo;on travaille maintenant \u00e0 plein r\u00e9gime \u00e0 la r\u00e9alisation en live. Le bapt\u00eame du feu officiel sur sc\u00e8ne aura lieu <strong data-start=\"935\" data-end=\"972\">en juin 2023 lors de la f\u00eate de la ville de Bremgarten<\/strong> &#8211; bruyante, sauvage et sans concession.  <\/p>\n<p data-start=\"1003\" data-end=\"1119\" class=\"\">Mais les Dudes ne se reposent pas : En <strong data-start=\"1043\" data-end=\"1060\">d\u00e9cembre 2023<\/strong>, ils entreront en studio pour enregistrer leur <strong data-start=\"1090\" data-end=\"1105\">premier album<\/strong>.<\/p>\n<p data-start=\"1121\" data-end=\"1328\" class=\"\"><strong data-start=\"1121\" data-end=\"1140\">ROYAL UGLY DUDE<\/strong> livre un gros m\u00e9lange de heavy metal old school, assaisonn\u00e9 d&rsquo;incursions dans le hard rock et le punk rock. Les fronti\u00e8res entre les genres ? Au diable tout cela. La vari\u00e9t\u00e9, l&rsquo;\u00e9nergie et le plaisir de jouer sont au premier plan.   <\/p>\n<p data-start=\"1330\" data-end=\"1555\" class=\"\">Et le plus important : le groupe ne se prend pas trop au s\u00e9rieux &#8211; ses textes sont pleins d&rsquo;humour, d&rsquo;autod\u00e9rision et de clins d&rsquo;\u0153il. Le m\u00e9tal n&rsquo;a pas toujours besoin d&rsquo;\u00eatre sinistre &#8211; parfois, il peut simplement \u00eatre tr\u00e8s groovy. <\/p>\n<p style=\"box-sizing: border-box; margin-top: 0cm; margin-bottom: 1rem; color: rgb(255, 255, 255); font-family: system-ui, -apple-system, \"Segoe UI\", Roboto, \"Helvetica Neue\", \"Noto Sans\", \"Liberation Sans\", Arial, sans-serif, \"Apple Color Emoji\", \"Segoe UI Emoji\", \"Segoe UI Symbol\", \"Noto Color Emoji\"; font-size: 16px; font-style: normal; font-variant-ligatures: normal; font-variant-caps: normal; font-weight: 400; letter-spacing: normal; orphans: 2; text-align: start; text-indent: 0px; text-transform: none; widows: 2; word-spacing: 0px; -webkit-text-stroke-width: 0px; white-space: normal; background-color: rgb(0, 0, 0); text-decoration-thickness: initial; text-decoration-style: initial; text-decoration-color: initial;\"><u><span lang=\"DE-CH\" style=\"box-sizing: border-box; font-family: \"Segoe UI\", sans-serif;\"><\/span><\/u><\/p><p data-start=\"1562\" data-end=\"1574\" class=\"\"><u><strong data-start=\"1562\" data-end=\"1574\">Line-up :<\/strong><\/u><\/p>\n<p data-start=\"1562\" data-end=\"1574\" class=\"\"><u><strong data-start=\"1562\" data-end=\"1574\"><\/strong><\/u><\/p>\n<p data-start=\"1576\" data-end=\"1689\" class=\"\"><strong data-start=\"1576\" data-end=\"1592\">Pascal T\u00f6ngi<\/strong> &#8211; Guitare \/ Chant<br data-start=\"1611\" data-end=\"1614\"><strong data-start=\"1614\" data-end=\"1632\">Pascal St\u00f6ssel<\/strong> &#8211; Batterie \/ Backing Vocals<br data-start=\"1662\" data-end=\"1665\"> Sascha<strong data-start=\"1665\" data-end=\"1682\">M\u00fcller<\/strong> &#8211; Basse<\/p>\n\n","protected":false},"excerpt":{"rendered":"","protected":false},"author":1,"featured_media":0,"parent":0,"menu_order":0,"comment_status":"closed","ping_status":"closed","template":"","meta":{"pagelayer_contact_templates":[],"_pagelayer_content":"","ngg_post_thumbnail":0,"footnotes":""},"class_list":["post-323","page","type-page","status-publish","hentry"],"aioseo_notices":[],"jetpack_sharing_enabled":true,"_links":{"self":[{"href":"https:\/\/royaluglydude.ch\/fr\/wp-json\/wp\/v2\/pages\/323","targetHints":{"allow":["GET"]}}],"collection":[{"href":"https:\/\/royaluglydude.ch\/fr\/wp-json\/wp\/v2\/pages"}],"about":[{"href":"https:\/\/royaluglydude.ch\/fr\/wp-json\/wp\/v2\/types\/page"}],"author":[{"embeddable":true,"href":"https:\/\/royaluglydude.ch\/fr\/wp-json\/wp\/v2\/users\/1"}],"replies":[{"embeddable":true,"href":"https:\/\/royaluglydude.ch\/fr\/wp-json\/wp\/v2\/comments?post=323"}],"version-history":[{"count":9,"href":"https:\/\/royaluglydude.ch\/fr\/wp-json\/wp\/v2\/pages\/323\/revisions"}],"predecessor-version":[{"id":968,"href":"https:\/\/royaluglydude.ch\/fr\/wp-json\/wp\/v2\/pages\/323\/revisions\/968"}],"wp:attachment":[{"href":"https:\/\/royaluglydude.ch\/fr\/wp-json\/wp\/v2\/media?parent=323"}],"curies":[{"name":"wp","href":"https:\/\/api.w.org\/{rel}","templated":true}]}}